{"id":129,"date":"2025-09-27T20:27:21","date_gmt":"2025-09-27T20:27:21","guid":{"rendered":"https:\/\/yenikentmetal.com\/?page_id=129"},"modified":"2025-10-04T10:40:48","modified_gmt":"2025-10-04T10:40:48","slug":"hakkimizda","status":"publish","type":"page","link":"https:\/\/yenikentmetal.com\/index.php\/hakkimizda\/","title":{"rendered":"Hakk\u0131m\u0131zda"},"content":{"rendered":"\t\t<div data-elementor-type=\"wp-page\" data-elementor-id=\"129\" class=\"elementor elementor-129\">\n\t\t\t\t\t\t<section class=\"elementor-section elementor-top-section elementor-element elementor-element-f6ba8d8 elementor-section-boxed elementor-section-height-default elementor-section-height-default\" data-id=\"f6ba8d8\" data-element_type=\"section\" data-settings=\"{&quot;background_background&quot;:&quot;classic&quot;}\">\n\t\t\t\t\t\t\t<div class=\"elementor-background-overlay\"><\/div>\n\t\t\t\t\t\t\t<div class=\"elementor-container elementor-column-gap-default\">\n\t\t\t\t\t<div class=\"elementor-column elementor-col-100 elementor-top-column elementor-element elementor-element-88851de\" data-id=\"88851de\" data-element_type=\"column\">\n\t\t\t<div class=\"elementor-widget-wrap elementor-element-populated\">\n\t\t\t\t\t\t<section class=\"elementor-section elementor-inner-section elementor-element elementor-element-67c1280c elementor-section-boxed elementor-section-height-default elementor-section-height-default\" data-id=\"67c1280c\" data-element_type=\"section\">\n\t\t\t\t\t\t<div class=\"elementor-container elementor-column-gap-default\">\n\t\t\t\t\t<div class=\"elementor-column elementor-col-100 elementor-inner-column elementor-element elementor-element-6970eed1\" data-id=\"6970eed1\" data-element_type=\"column\" data-settings=\"{&quot;background_background&quot;:&quot;classic&quot;}\">\n\t\t\t<div class=\"elementor-widget-wrap elementor-element-populated\">\n\t\t\t\t\t\t<div class=\"elementor-element elementor-element-4ba8fbb1 elementor-widget elementor-widget-heading\" data-id=\"4ba8fbb1\" data-element_type=\"widget\" data-widget_type=\"heading.default\">\n\t\t\t\t\t<h2 class=\"elementor-heading-title elementor-size-default\">Hakk\u0131m\u0131zda<\/h2>\t\t\t\t<\/div>\n\t\t\t\t\t<\/div>\n\t\t<\/div>\n\t\t\t\t\t<\/div>\n\t\t<\/section>\n\t\t\t\t\t<\/div>\n\t\t<\/div>\n\t\t\t\t\t<\/div>\n\t\t<\/section>\n\t\t\t\t<section class=\"elementor-section elementor-top-section elementor-element elementor-element-22293bf2 elementor-reverse-tablet elementor-reverse-mobile elementor-section-content-middle elementor-section-boxed elementor-section-height-default elementor-section-height-default\" data-id=\"22293bf2\" data-element_type=\"section\">\n\t\t\t\t\t\t<div class=\"elementor-container elementor-column-gap-default\">\n\t\t\t\t\t<div class=\"elementor-column elementor-col-100 elementor-top-column elementor-element elementor-element-89180c3\" data-id=\"89180c3\" data-element_type=\"column\">\n\t\t\t<div class=\"elementor-widget-wrap elementor-element-populated\">\n\t\t\t\t\t\t<div class=\"elementor-element elementor-element-1995e3bf elementor-widget__width-auto elementor-absolute elementor-widget-mobile__width-inherit elementor-widget elementor-widget-heading\" data-id=\"1995e3bf\" data-element_type=\"widget\" data-settings=\"{&quot;_position&quot;:&quot;absolute&quot;}\" data-widget_type=\"heading.default\">\n\t\t\t\t\t<span class=\"elementor-heading-title elementor-size-default\">Hakk\u0131m\u0131zda<\/span>\t\t\t\t<\/div>\n\t\t\t\t<div class=\"elementor-element elementor-element-510a6f5f elementor-widget elementor-widget-heading\" data-id=\"510a6f5f\" data-element_type=\"widget\" data-widget_type=\"heading.default\">\n\t\t\t\t\t<h2 class=\"elementor-heading-title elementor-size-default\">Yenikent Metal \u2013 G\u00fcvenilir Metal \u00c7\u00f6z\u00fcmleri<\/h2>\t\t\t\t<\/div>\n\t\t\t\t<div class=\"elementor-element elementor-element-68b5aaf6 elementor-widget elementor-widget-text-editor\" data-id=\"68b5aaf6\" data-element_type=\"widget\" data-widget_type=\"text-editor.default\">\n\t\t\t\t\t\t\t\t\t<p data-start=\"213\" data-end=\"489\">Yenikent Metal, Ankara\u2019da <strong data-start=\"239\" data-end=\"256\">demir do\u011frama<\/strong>, <strong data-start=\"258\" data-end=\"278\">ferforje imalat\u0131<\/strong> ve <strong data-start=\"282\" data-end=\"305\">\u00e7elik konstr\u00fcksiyon<\/strong> alanlar\u0131nda kaliteli, g\u00fcvenilir ve estetik \u00e7\u00f6z\u00fcmler sunar.<br data-start=\"364\" data-end=\"367\" \/>Profesyonel ekibimizle her projede sa\u011flam i\u015f\u00e7ilik, do\u011fru malzeme ve zaman\u0131nda teslimat ilkelerini bir araya getiriyoruz.<\/p><p data-start=\"491\" data-end=\"884\">Hizmetlerimiz aras\u0131nda <strong data-start=\"514\" data-end=\"558\">demir do\u011frama kap\u0131 ve pencere sistemleri<\/strong>, <strong data-start=\"560\" data-end=\"584\">ferforje korkuluklar<\/strong>, <strong data-start=\"586\" data-end=\"604\">bah\u00e7e kap\u0131lar\u0131<\/strong>, <strong data-start=\"606\" data-end=\"635\">bah\u00e7e duvar\u0131 korkuluklar\u0131<\/strong>, <strong data-start=\"637\" data-end=\"656\">veranda kapatma<\/strong>, <strong data-start=\"658\" data-end=\"682\">balkon \u00fcst\u00fc sundurma<\/strong>, <strong data-start=\"684\" data-end=\"707\">profil \u00e7at\u0131 kapatma<\/strong>, <strong data-start=\"709\" data-end=\"734\">\u00e7elik \u00e7at\u0131 sistemleri<\/strong>, <strong data-start=\"736\" data-end=\"757\">besi ah\u0131r\u0131 yap\u0131m\u0131<\/strong> ve <strong data-start=\"761\" data-end=\"787\">her t\u00fcrl\u00fc demir i\u015fleri<\/strong> yer almaktad\u0131r.<br data-start=\"803\" data-end=\"806\" \/>Projelerinizin her a\u015famas\u0131nda g\u00fcven, dayan\u0131kl\u0131l\u0131k ve estetik \u00f6nceli\u011fimizdir.<\/p><p data-start=\"886\" data-end=\"1095\">\u0130ster konut, ister sanayi yap\u0131s\u0131\u2026 Yenikent Metal, ihtiya\u00e7lar\u0131n\u0131za \u00f6zel \u00e7\u00f6z\u00fcmleri profesyonel bak\u0131\u015f a\u00e7\u0131s\u0131yla sunar.<\/p><p data-start=\"266\" data-end=\"573\">Kaliteli i\u015f\u00e7ilikle yap\u0131lm\u0131\u015f, uzun \u00f6m\u00fcrl\u00fc metal yap\u0131lar i\u00e7in hemen bizimle ileti\u015fime ge\u00e7in.<\/p><p data-start=\"266\" data-end=\"573\"><span style=\"color: #000000; font-family: Lato, sans-serif; font-size: 24px; font-weight: 600;\">\u00a0<\/span><\/p><p data-start=\"266\" data-end=\"573\"><span style=\"color: #000000; font-family: Lato, sans-serif; font-size: 24px; font-weight: 600;\">Misyonumuz<\/span><\/p><p data-start=\"903\" data-end=\"1259\">Amac\u0131m\u0131z; m\u00fc\u015fterilerimizin projelerini aksatmadan s\u00fcrd\u00fcrebilmesi i\u00e7in g\u00fc\u00e7l\u00fc stok kapasitesi, h\u0131zl\u0131 teslimat ve rekabet\u00e7i fiyatlar ile tam destek sa\u011flamakt\u0131r.<br data-start=\"1060\" data-end=\"1063\" \/>Bizim i\u00e7in m\u00fc\u015fteri memnuniyeti her \u015feyden \u00f6nce gelir. Bu nedenle sundu\u011fumuz her \u00fcr\u00fcn ve hizmette kalite standartlar\u0131n\u0131 en \u00fcst seviyede tutar, s\u00fcrd\u00fcr\u00fclebilir bir i\u015f birli\u011fi anlay\u0131\u015f\u0131yla \u00e7al\u0131\u015f\u0131r\u0131z.<\/p><h3 data-start=\"1261\" data-end=\"1277\">Vizyonumuz<\/h3><p data-start=\"1278\" data-end=\"1631\">Yenikent Metal olarak hedefimiz, Ankara\u2019da ve t\u00fcm T\u00fcrkiye\u2019de metal tedariki, paslanmaz \u00e7elik sat\u0131\u015f\u0131, al\u00fcminyum profil tedari\u011fi ve lazer kesim hizmetlerinde ilk akla gelen g\u00fcvenilir \u00e7\u00f6z\u00fcm orta\u011f\u0131 olmakt\u0131r. Teknolojiyi ve sekt\u00f6rdeki yenilikleri yak\u0131ndan takip ederek, \u00fcretim s\u00fcre\u00e7lerimizi s\u00fcrekli geli\u015ftirir ve m\u00fc\u015fterilerimize en verimli hizmeti sunar\u0131z.<\/p><h3 data-start=\"1633\" data-end=\"1651\">De\u011ferlerimiz<\/h3><p data-start=\"1652\" data-end=\"1892\">Kalite: Uluslararas\u0131 standartlarda \u00fcretim ve tedarik<br data-start=\"1704\" data-end=\"1707\" \/>G\u00fcvenilirlik: D\u00fcr\u00fcst, \u015feffaf ve profesyonel i\u015f anlay\u0131\u015f\u0131<br data-start=\"1762\" data-end=\"1765\" \/>H\u0131z: Ankara i\u00e7i ayn\u0131 g\u00fcn, T\u00fcrkiye geneli k\u0131sa s\u00fcrede teslimat<br data-start=\"1826\" data-end=\"1829\" \/>\u00c7\u00f6z\u00fcm Odakl\u0131l\u0131k: Projenize uygun \u00f6zel \u00fcretim ve teknik destek<\/p><h3 data-start=\"1894\" data-end=\"1918\">Hizmet Alanlar\u0131m\u0131z<\/h3><p data-start=\"1919\" data-end=\"2204\">Paslanmaz \u00c7elik \u0130\u015fleme: Lazer kesim, plazma kesim, b\u00fck\u00fcm ve montaj<br data-start=\"1985\" data-end=\"1988\" \/>Al\u00fcminyum Profil &amp; Levha: Mimari ve end\u00fcstriyel projeler i\u00e7in \u00e7e\u015fitlilik<br data-start=\"2060\" data-end=\"2063\" \/>Bak\u0131r &amp; Bronz: Elektrik ve end\u00fcstriyel uygulamalar i\u00e7in stoktan h\u0131zl\u0131 temin<br data-start=\"2138\" data-end=\"2141\" \/>\u00d6zel \u00dcretim \u00c7\u00f6z\u00fcmler: \u00d6l\u00e7\u00fcye \u00f6zel \u00fcretim, prototip geli\u015ftirme<\/p><h3 data-start=\"2206\" data-end=\"2233\">Neden Yenikent Metal?<\/h3><p data-start=\"2234\" data-end=\"2530\">Yerel Avantaj: Ankara\u2019da yerle\u015fik oldu\u011fumuz i\u00e7in acil ihtiya\u00e7lar\u0131n\u0131za h\u0131zl\u0131 \u00e7\u00f6z\u00fcm<br data-start=\"2315\" data-end=\"2318\" \/>Geni\u015f Stok: Paslanmaz \u00e7elik, al\u00fcminyum, bak\u0131r ve bronzda s\u00fcrekli haz\u0131r \u00fcr\u00fcn<br data-start=\"2393\" data-end=\"2396\" \/>H\u0131zl\u0131 Teslimat: Projelerinizin zaman\u0131nda tamamlanmas\u0131 i\u00e7in h\u0131zl\u0131 lojistik<br data-start=\"2469\" data-end=\"2472\" \/>Profesyonel Ekip: Teknik bilgi ve tecr\u00fcbe ile tam destek<\/p><h3 data-start=\"2532\" data-end=\"2563\">\u0130\u015finizi Kolayla\u015ft\u0131r\u0131yoruz<\/h3><p data-start=\"2564\" data-end=\"2804\">M\u00fc\u015fterilerimiz i\u00e7in yaln\u0131zca bir tedarik\u00e7i de\u011fil, ayn\u0131 zamanda stratejik bir i\u015f orta\u011f\u0131 olmay\u0131 hedefliyoruz. Her projede kalite, h\u0131z ve maliyet dengesini sa\u011flayarak i\u015finizi kolayla\u015ft\u0131r\u0131yor, uzun vadeli ve g\u00fcvenilir i\u015f birlikleri kuruyoruz.<\/p><p data-start=\"2564\" data-end=\"2804\">\u00a0<\/p><p data-start=\"2564\" data-end=\"2804\">\u00a0<\/p><p data-start=\"2564\" data-end=\"2804\">\u00a0<\/p>\t\t\t\t\t\t\t\t<\/div>\n\t\t\t\t<div class=\"elementor-element elementor-element-04e66ec elementor-widget elementor-widget-image\" data-id=\"04e66ec\" data-element_type=\"widget\" data-widget_type=\"image.default\">\n\t\t\t\t\t\t\t\t\t\t\t\t\t\t\t<img fetchpriority=\"high\" decoding=\"async\" width=\"768\" height=\"1024\" src=\"https:\/\/yenikentmetal.com\/wp-content\/uploads\/2025\/10\/IMG-20251004-WA0021-768x1024.jpg\" class=\"attachment-large size-large wp-image-217\" alt=\"\" srcset=\"https:\/\/yenikentmetal.com\/wp-content\/uploads\/2025\/10\/IMG-20251004-WA0021-768x1024.jpg 768w, https:\/\/yenikentmetal.com\/wp-content\/uploads\/2025\/10\/IMG-20251004-WA0021-225x300.jpg 225w, https:\/\/yenikentmetal.com\/wp-content\/uploads\/2025\/10\/IMG-20251004-WA0021-1152x1536.jpg 1152w, https:\/\/yenikentmetal.com\/wp-content\/uploads\/2025\/10\/IMG-20251004-WA0021.jpg 1200w\" sizes=\"(max-width: 768px) 100vw, 768px\" \/>\t\t\t\t\t\t\t\t\t\t\t\t\t\t\t<\/div>\n\t\t\t\t<section class=\"elementor-section elementor-inner-section elementor-element elementor-element-2acc99f6 elementor-section-content-middle elementor-section-boxed elementor-section-height-default elementor-section-height-default\" data-id=\"2acc99f6\" data-element_type=\"section\">\n\t\t\t\t\t\t<div class=\"elementor-container elementor-column-gap-no\">\n\t\t\t\t\t<div class=\"elementor-column elementor-col-100 elementor-inner-column elementor-element elementor-element-5d9f2fc2\" data-id=\"5d9f2fc2\" data-element_type=\"column\">\n\t\t\t<div class=\"elementor-widget-wrap\">\n\t\t\t\t\t\t\t<\/div>\n\t\t<\/div>\n\t\t\t\t\t<\/div>\n\t\t<\/section>\n\t\t\t\t\t<\/div>\n\t\t<\/div>\n\t\t\t\t\t<\/div>\n\t\t<\/section>\n\t\t\t\t<section class=\"elementor-section elementor-top-section elementor-element elementor-element-24f9eac0 elementor-section-boxed elementor-section-height-default elementor-section-height-default\" data-id=\"24f9eac0\" data-element_type=\"section\">\n\t\t\t\t\t\t<div class=\"elementor-container elementor-column-gap-default\">\n\t\t\t\t\t<div class=\"elementor-column elementor-col-100 elementor-top-column elementor-element elementor-element-5bf4e7ff\" data-id=\"5bf4e7ff\" data-element_type=\"column\">\n\t\t\t<div class=\"elementor-widget-wrap elementor-element-populated\">\n\t\t\t\t\t\t<section class=\"elementor-section elementor-inner-section elementor-element elementor-element-4b695c60 animated-slow elementor-section-boxed elementor-section-height-default elementor-section-height-default elementor-invisible\" data-id=\"4b695c60\" data-element_type=\"section\" data-settings=\"{&quot;animation&quot;:&quot;fadeInUp&quot;}\">\n\t\t\t\t\t\t<div class=\"elementor-container elementor-column-gap-no\">\n\t\t\t\t\t<div class=\"elementor-column elementor-col-50 elementor-inner-column elementor-element elementor-element-689a458e\" data-id=\"689a458e\" data-element_type=\"column\">\n\t\t\t<div class=\"elementor-widget-wrap elementor-element-populated\">\n\t\t\t\t\t\t<div class=\"elementor-element elementor-element-41daebf6 jkit-equal-height-disable elementor-widget elementor-widget-jkit_icon_box\" data-id=\"41daebf6\" data-element_type=\"widget\" data-widget_type=\"jkit_icon_box.default\">\n\t\t\t\t\t<div  class=\"jeg-elementor-kit jkit-icon-box icon-position-left elementor-animation- jeg_module___69e361a22efba\" ><div class=\"jkit-icon-box-wrapper hover-from-left\"><div class=\"icon-box icon-box-header elementor-animation-float\"><div class=\"icon style-color\"><i aria-hidden=\"true\" class=\"jki jki-target-light\"><\/i><\/div><\/div><div class=\"icon-box icon-box-body\">\n                <h3 class=\"title\">Vizyonumuz<\/h3><p class=\"icon-box-description\">Sekt\u00f6rde teknolojiyi yak\u0131ndan takip ederek, T\u00fcrkiye\u2019nin her b\u00f6lgesinde tercih edilen bir metal firmas\u0131 haline gelmek.<\/p>\n            <\/div>\n            \n            <\/div><\/div>\t\t\t\t<\/div>\n\t\t\t\t\t<\/div>\n\t\t<\/div>\n\t\t\t\t<div class=\"elementor-column elementor-col-50 elementor-inner-column elementor-element elementor-element-535518d8\" data-id=\"535518d8\" data-element_type=\"column\" data-settings=\"{&quot;background_background&quot;:&quot;classic&quot;}\">\n\t\t\t<div class=\"elementor-widget-wrap elementor-element-populated\">\n\t\t\t\t\t\t<div class=\"elementor-element elementor-element-2d8f30ba jkit-equal-height-disable elementor-widget elementor-widget-jkit_icon_box\" data-id=\"2d8f30ba\" data-element_type=\"widget\" data-widget_type=\"jkit_icon_box.default\">\n\t\t\t\t\t<div  class=\"jeg-elementor-kit jkit-icon-box icon-position-left elementor-animation- jeg_module__1_69e361a22f99d\" ><div class=\"jkit-icon-box-wrapper hover-from-left\"><div class=\"icon-box icon-box-header elementor-animation-float\"><div class=\"icon style-color\"><i aria-hidden=\"true\" class=\"jki jki-medal\"><\/i><\/div><\/div><div class=\"icon-box icon-box-body\">\n                <h3 class=\"title\">Misyonumuz<\/h3><p class=\"icon-box-description\">Metal sekt\u00f6r\u00fcnde kaliteyi, g\u00fcveni ve m\u00fc\u015fteri memnuniyetini \u00f6n planda tutan bir hizmet anlay\u0131\u015f\u0131 ile en g\u00fcvenilir tedarik\u00e7i olmak.<\/p>\n            <\/div>\n            \n            <\/div><\/div>\t\t\t\t<\/div>\n\t\t\t\t\t<\/div>\n\t\t<\/div>\n\t\t\t\t\t<\/div>\n\t\t<\/section>\n\t\t\t\t\t<\/div>\n\t\t<\/div>\n\t\t\t\t\t<\/div>\n\t\t<\/section>\n\t\t\t\t<\/div>\n\t\t","protected":false},"excerpt":{"rendered":"<p>Hakk\u0131m\u0131zda Hakk\u0131m\u0131zda Yenikent Metal \u2013 G\u00fcvenilir Metal \u00c7\u00f6z\u00fcmleri Yenikent Metal, Ankara\u2019da demir do\u011frama, ferforje imalat\u0131 ve \u00e7elik konstr\u00fcksiyon alanlar\u0131nda kaliteli, g\u00fcvenilir ve estetik \u00e7\u00f6z\u00fcmler sunar.Profesyonel ekibimizle her projede sa\u011flam i\u015f\u00e7ilik, do\u011fru malzeme ve zaman\u0131nda teslimat ilkelerini bir araya getiriyoruz. Hizmetlerimiz aras\u0131nda demir do\u011frama kap\u0131 ve pencere sistemleri, ferforje korkuluklar, bah\u00e7e kap\u0131lar\u0131, bah\u00e7e duvar\u0131 korkuluklar\u0131, veranda [&hellip;]<\/p>\n","protected":false},"author":1,"featured_media":0,"parent":0,"menu_order":0,"comment_status":"closed","ping_status":"closed","template":"elementor_header_footer","meta":{"_joinchat":[],"footnotes":""},"class_list":["post-129","page","type-page","status-publish","hentry"],"yoast_head":"<!-- This site is optimized with the Yoast SEO plugin v26.0 - https:\/\/yoast.com\/wordpress\/plugins\/seo\/ -->\n<title>Hakk\u0131m\u0131zda - Yenikent Metal<\/title>\n<meta name=\"robots\" content=\"index, follow, max-snippet:-1, max-image-preview:large, max-video-preview:-1\" \/>\n<link rel=\"canonical\" href=\"https:\/\/yenikentmetal.com\/index.php\/hakkimizda\/\" \/>\n<meta property=\"og:locale\" content=\"tr_TR\" \/>\n<meta property=\"og:type\" content=\"article\" \/>\n<meta property=\"og:title\" content=\"Hakk\u0131m\u0131zda - Yenikent Metal\" \/>\n<meta property=\"og:description\" content=\"Hakk\u0131m\u0131zda Hakk\u0131m\u0131zda Yenikent Metal \u2013 G\u00fcvenilir Metal \u00c7\u00f6z\u00fcmleri Yenikent Metal, Ankara\u2019da demir do\u011frama, ferforje imalat\u0131 ve \u00e7elik konstr\u00fcksiyon alanlar\u0131nda kaliteli, g\u00fcvenilir ve estetik \u00e7\u00f6z\u00fcmler sunar.Profesyonel ekibimizle her projede sa\u011flam i\u015f\u00e7ilik, do\u011fru malzeme ve zaman\u0131nda teslimat ilkelerini bir araya getiriyoruz. Hizmetlerimiz aras\u0131nda demir do\u011frama kap\u0131 ve pencere sistemleri, ferforje korkuluklar, bah\u00e7e kap\u0131lar\u0131, bah\u00e7e duvar\u0131 korkuluklar\u0131, veranda [&hellip;]\" \/>\n<meta property=\"og:url\" content=\"https:\/\/yenikentmetal.com\/index.php\/hakkimizda\/\" \/>\n<meta property=\"og:site_name\" content=\"Yenikent Metal\" \/>\n<meta property=\"article:modified_time\" content=\"2025-10-04T10:40:48+00:00\" \/>\n<meta property=\"og:image\" content=\"https:\/\/yenikentmetal.com\/wp-content\/uploads\/2025\/10\/IMG-20251004-WA0021.jpg\" \/>\n\t<meta property=\"og:image:width\" content=\"1200\" \/>\n\t<meta property=\"og:image:height\" content=\"1600\" \/>\n\t<meta property=\"og:image:type\" content=\"image\/jpeg\" \/>\n<meta name=\"twitter:card\" content=\"summary_large_image\" \/>\n<meta name=\"twitter:label1\" content=\"Tahmini okuma s\u00fcresi\" \/>\n\t<meta name=\"twitter:data1\" content=\"3 dakika\" \/>\n<script type=\"application\/ld+json\" class=\"yoast-schema-graph\">{\"@context\":\"https:\/\/schema.org\",\"@graph\":[{\"@type\":\"WebPage\",\"@id\":\"https:\/\/yenikentmetal.com\/index.php\/hakkimizda\/\",\"url\":\"https:\/\/yenikentmetal.com\/index.php\/hakkimizda\/\",\"name\":\"Hakk\u0131m\u0131zda - Yenikent Metal\",\"isPartOf\":{\"@id\":\"https:\/\/yenikentmetal.com\/#website\"},\"primaryImageOfPage\":{\"@id\":\"https:\/\/yenikentmetal.com\/index.php\/hakkimizda\/#primaryimage\"},\"image\":{\"@id\":\"https:\/\/yenikentmetal.com\/index.php\/hakkimizda\/#primaryimage\"},\"thumbnailUrl\":\"https:\/\/yenikentmetal.com\/wp-content\/uploads\/2025\/10\/IMG-20251004-WA0021-768x1024.jpg\",\"datePublished\":\"2025-09-27T20:27:21+00:00\",\"dateModified\":\"2025-10-04T10:40:48+00:00\",\"breadcrumb\":{\"@id\":\"https:\/\/yenikentmetal.com\/index.php\/hakkimizda\/#breadcrumb\"},\"inLanguage\":\"tr\",\"potentialAction\":[{\"@type\":\"ReadAction\",\"target\":[\"https:\/\/yenikentmetal.com\/index.php\/hakkimizda\/\"]}]},{\"@type\":\"ImageObject\",\"inLanguage\":\"tr\",\"@id\":\"https:\/\/yenikentmetal.com\/index.php\/hakkimizda\/#primaryimage\",\"url\":\"https:\/\/yenikentmetal.com\/wp-content\/uploads\/2025\/10\/IMG-20251004-WA0021.jpg\",\"contentUrl\":\"https:\/\/yenikentmetal.com\/wp-content\/uploads\/2025\/10\/IMG-20251004-WA0021.jpg\",\"width\":1200,\"height\":1600},{\"@type\":\"BreadcrumbList\",\"@id\":\"https:\/\/yenikentmetal.com\/index.php\/hakkimizda\/#breadcrumb\",\"itemListElement\":[{\"@type\":\"ListItem\",\"position\":1,\"name\":\"Anasayfa\",\"item\":\"https:\/\/yenikentmetal.com\/\"},{\"@type\":\"ListItem\",\"position\":2,\"name\":\"Hakk\u0131m\u0131zda\"}]},{\"@type\":\"WebSite\",\"@id\":\"https:\/\/yenikentmetal.com\/#website\",\"url\":\"https:\/\/yenikentmetal.com\/\",\"name\":\"Yenikent Metal\",\"description\":\"Ankara\u2019da metal sekt\u00f6r\u00fcnde kaliteli, h\u0131zl\u0131 ve uygun fiyatl\u0131 \u00e7\u00f6z\u00fcmler.\",\"publisher\":{\"@id\":\"https:\/\/yenikentmetal.com\/#organization\"},\"potentialAction\":[{\"@type\":\"SearchAction\",\"target\":{\"@type\":\"EntryPoint\",\"urlTemplate\":\"https:\/\/yenikentmetal.com\/?s={search_term_string}\"},\"query-input\":{\"@type\":\"PropertyValueSpecification\",\"valueRequired\":true,\"valueName\":\"search_term_string\"}}],\"inLanguage\":\"tr\"},{\"@type\":\"Organization\",\"@id\":\"https:\/\/yenikentmetal.com\/#organization\",\"name\":\"Yenikent Metal\",\"url\":\"https:\/\/yenikentmetal.com\/\",\"logo\":{\"@type\":\"ImageObject\",\"inLanguage\":\"tr\",\"@id\":\"https:\/\/yenikentmetal.com\/#\/schema\/logo\/image\/\",\"url\":\"https:\/\/yenikentmetal.com\/wp-content\/uploads\/2025\/09\/cropped-cropped-Adsiz-tasarim-e1759005498986.png\",\"contentUrl\":\"https:\/\/yenikentmetal.com\/wp-content\/uploads\/2025\/09\/cropped-cropped-Adsiz-tasarim-e1759005498986.png\",\"width\":512,\"height\":512,\"caption\":\"Yenikent Metal\"},\"image\":{\"@id\":\"https:\/\/yenikentmetal.com\/#\/schema\/logo\/image\/\"}}]}<\/script>\n<!-- \/ Yoast SEO plugin. -->","yoast_head_json":{"title":"Hakk\u0131m\u0131zda - Yenikent Metal","robots":{"index":"index","follow":"follow","max-snippet":"max-snippet:-1","max-image-preview":"max-image-preview:large","max-video-preview":"max-video-preview:-1"},"canonical":"https:\/\/yenikentmetal.com\/index.php\/hakkimizda\/","og_locale":"tr_TR","og_type":"article","og_title":"Hakk\u0131m\u0131zda - Yenikent Metal","og_description":"Hakk\u0131m\u0131zda Hakk\u0131m\u0131zda Yenikent Metal \u2013 G\u00fcvenilir Metal \u00c7\u00f6z\u00fcmleri Yenikent Metal, Ankara\u2019da demir do\u011frama, ferforje imalat\u0131 ve \u00e7elik konstr\u00fcksiyon alanlar\u0131nda kaliteli, g\u00fcvenilir ve estetik \u00e7\u00f6z\u00fcmler sunar.Profesyonel ekibimizle her projede sa\u011flam i\u015f\u00e7ilik, do\u011fru malzeme ve zaman\u0131nda teslimat ilkelerini bir araya getiriyoruz. Hizmetlerimiz aras\u0131nda demir do\u011frama kap\u0131 ve pencere sistemleri, ferforje korkuluklar, bah\u00e7e kap\u0131lar\u0131, bah\u00e7e duvar\u0131 korkuluklar\u0131, veranda [&hellip;]","og_url":"https:\/\/yenikentmetal.com\/index.php\/hakkimizda\/","og_site_name":"Yenikent Metal","article_modified_time":"2025-10-04T10:40:48+00:00","og_image":[{"width":1200,"height":1600,"url":"https:\/\/yenikentmetal.com\/wp-content\/uploads\/2025\/10\/IMG-20251004-WA0021.jpg","type":"image\/jpeg"}],"twitter_card":"summary_large_image","twitter_misc":{"Tahmini okuma s\u00fcresi":"3 dakika"},"schema":{"@context":"https:\/\/schema.org","@graph":[{"@type":"WebPage","@id":"https:\/\/yenikentmetal.com\/index.php\/hakkimizda\/","url":"https:\/\/yenikentmetal.com\/index.php\/hakkimizda\/","name":"Hakk\u0131m\u0131zda - Yenikent Metal","isPartOf":{"@id":"https:\/\/yenikentmetal.com\/#website"},"primaryImageOfPage":{"@id":"https:\/\/yenikentmetal.com\/index.php\/hakkimizda\/#primaryimage"},"image":{"@id":"https:\/\/yenikentmetal.com\/index.php\/hakkimizda\/#primaryimage"},"thumbnailUrl":"https:\/\/yenikentmetal.com\/wp-content\/uploads\/2025\/10\/IMG-20251004-WA0021-768x1024.jpg","datePublished":"2025-09-27T20:27:21+00:00","dateModified":"2025-10-04T10:40:48+00:00","breadcrumb":{"@id":"https:\/\/yenikentmetal.com\/index.php\/hakkimizda\/#breadcrumb"},"inLanguage":"tr","potentialAction":[{"@type":"ReadAction","target":["https:\/\/yenikentmetal.com\/index.php\/hakkimizda\/"]}]},{"@type":"ImageObject","inLanguage":"tr","@id":"https:\/\/yenikentmetal.com\/index.php\/hakkimizda\/#primaryimage","url":"https:\/\/yenikentmetal.com\/wp-content\/uploads\/2025\/10\/IMG-20251004-WA0021.jpg","contentUrl":"https:\/\/yenikentmetal.com\/wp-content\/uploads\/2025\/10\/IMG-20251004-WA0021.jpg","width":1200,"height":1600},{"@type":"BreadcrumbList","@id":"https:\/\/yenikentmetal.com\/index.php\/hakkimizda\/#breadcrumb","itemListElement":[{"@type":"ListItem","position":1,"name":"Anasayfa","item":"https:\/\/yenikentmetal.com\/"},{"@type":"ListItem","position":2,"name":"Hakk\u0131m\u0131zda"}]},{"@type":"WebSite","@id":"https:\/\/yenikentmetal.com\/#website","url":"https:\/\/yenikentmetal.com\/","name":"Yenikent Metal","description":"Ankara\u2019da metal sekt\u00f6r\u00fcnde kaliteli, h\u0131zl\u0131 ve uygun fiyatl\u0131 \u00e7\u00f6z\u00fcmler.","publisher":{"@id":"https:\/\/yenikentmetal.com\/#organization"},"potentialAction":[{"@type":"SearchAction","target":{"@type":"EntryPoint","urlTemplate":"https:\/\/yenikentmetal.com\/?s={search_term_string}"},"query-input":{"@type":"PropertyValueSpecification","valueRequired":true,"valueName":"search_term_string"}}],"inLanguage":"tr"},{"@type":"Organization","@id":"https:\/\/yenikentmetal.com\/#organization","name":"Yenikent Metal","url":"https:\/\/yenikentmetal.com\/","logo":{"@type":"ImageObject","inLanguage":"tr","@id":"https:\/\/yenikentmetal.com\/#\/schema\/logo\/image\/","url":"https:\/\/yenikentmetal.com\/wp-content\/uploads\/2025\/09\/cropped-cropped-Adsiz-tasarim-e1759005498986.png","contentUrl":"https:\/\/yenikentmetal.com\/wp-content\/uploads\/2025\/09\/cropped-cropped-Adsiz-tasarim-e1759005498986.png","width":512,"height":512,"caption":"Yenikent Metal"},"image":{"@id":"https:\/\/yenikentmetal.com\/#\/schema\/logo\/image\/"}}]}},"_links":{"self":[{"href":"https:\/\/yenikentmetal.com\/index.php\/wp-json\/wp\/v2\/pages\/129","targetHints":{"allow":["GET"]}}],"collection":[{"href":"https:\/\/yenikentmetal.com\/index.php\/wp-json\/wp\/v2\/pages"}],"about":[{"href":"https:\/\/yenikentmetal.com\/index.php\/wp-json\/wp\/v2\/types\/page"}],"author":[{"embeddable":true,"href":"https:\/\/yenikentmetal.com\/index.php\/wp-json\/wp\/v2\/users\/1"}],"replies":[{"embeddable":true,"href":"https:\/\/yenikentmetal.com\/index.php\/wp-json\/wp\/v2\/comments?post=129"}],"version-history":[{"count":13,"href":"https:\/\/yenikentmetal.com\/index.php\/wp-json\/wp\/v2\/pages\/129\/revisions"}],"predecessor-version":[{"id":237,"href":"https:\/\/yenikentmetal.com\/index.php\/wp-json\/wp\/v2\/pages\/129\/revisions\/237"}],"wp:attachment":[{"href":"https:\/\/yenikentmetal.com\/index.php\/wp-json\/wp\/v2\/media?parent=129"}],"curies":[{"name":"wp","href":"https:\/\/api.w.org\/{rel}","templated":true}]}}