{"id":135,"date":"2025-09-27T20:30:57","date_gmt":"2025-09-27T20:30:57","guid":{"rendered":"https:\/\/yenikentmetal.com\/?page_id=135"},"modified":"2025-09-27T22:29:57","modified_gmt":"2025-09-27T22:29:57","slug":"iletisim","status":"publish","type":"page","link":"https:\/\/yenikentmetal.com\/index.php\/iletisim\/","title":{"rendered":"\u0130leti\u015fim"},"content":{"rendered":"\t\t<div data-elementor-type=\"wp-page\" data-elementor-id=\"135\" class=\"elementor elementor-135\">\n\t\t\t\t\t\t<section class=\"elementor-section elementor-top-section elementor-element elementor-element-6f5b3354 elementor-section-boxed elementor-section-height-default elementor-section-height-default\" data-id=\"6f5b3354\" data-element_type=\"section\" data-settings=\"{&quot;background_background&quot;:&quot;classic&quot;}\">\n\t\t\t\t\t\t\t<div class=\"elementor-background-overlay\"><\/div>\n\t\t\t\t\t\t\t<div class=\"elementor-container elementor-column-gap-default\">\n\t\t\t\t\t<div class=\"elementor-column elementor-col-100 elementor-top-column elementor-element elementor-element-63804dc8\" data-id=\"63804dc8\" data-element_type=\"column\">\n\t\t\t<div class=\"elementor-widget-wrap elementor-element-populated\">\n\t\t\t\t\t\t<section class=\"elementor-section elementor-inner-section elementor-element elementor-element-6e4227d7 elementor-section-boxed elementor-section-height-default elementor-section-height-default\" data-id=\"6e4227d7\" data-element_type=\"section\">\n\t\t\t\t\t\t<div class=\"elementor-container elementor-column-gap-default\">\n\t\t\t\t\t<div class=\"elementor-column elementor-col-100 elementor-inner-column elementor-element elementor-element-690bf0a9\" data-id=\"690bf0a9\" data-element_type=\"column\" data-settings=\"{&quot;background_background&quot;:&quot;classic&quot;}\">\n\t\t\t<div class=\"elementor-widget-wrap elementor-element-populated\">\n\t\t\t\t\t\t<div class=\"elementor-element elementor-element-673e900a elementor-widget elementor-widget-heading\" data-id=\"673e900a\" data-element_type=\"widget\" data-widget_type=\"heading.default\">\n\t\t\t\t\t<h2 class=\"elementor-heading-title elementor-size-default\">\u0130leti\u015fim<\/h2>\t\t\t\t<\/div>\n\t\t\t\t\t<\/div>\n\t\t<\/div>\n\t\t\t\t\t<\/div>\n\t\t<\/section>\n\t\t\t\t\t<\/div>\n\t\t<\/div>\n\t\t\t\t\t<\/div>\n\t\t<\/section>\n\t\t\t\t<section class=\"elementor-section elementor-top-section elementor-element elementor-element-33ca37e7 elementor-section-boxed elementor-section-height-default elementor-section-height-default\" data-id=\"33ca37e7\" data-element_type=\"section\">\n\t\t\t\t\t\t\t<div class=\"elementor-background-overlay\"><\/div>\n\t\t\t\t\t\t\t<div class=\"elementor-container elementor-column-gap-default\">\n\t\t\t\t\t<div class=\"elementor-column elementor-col-100 elementor-top-column elementor-element elementor-element-26201884\" data-id=\"26201884\" data-element_type=\"column\">\n\t\t\t<div class=\"elementor-widget-wrap elementor-element-populated\">\n\t\t\t\t\t\t<section class=\"elementor-section elementor-inner-section elementor-element elementor-element-3c47ef9d elementor-reverse-tablet elementor-reverse-mobile elementor-section-boxed elementor-section-height-default elementor-section-height-default\" data-id=\"3c47ef9d\" data-element_type=\"section\">\n\t\t\t\t\t\t<div class=\"elementor-container elementor-column-gap-default\">\n\t\t\t\t\t<div class=\"elementor-column elementor-col-100 elementor-inner-column elementor-element elementor-element-3bf0198d\" data-id=\"3bf0198d\" data-element_type=\"column\">\n\t\t\t<div class=\"elementor-widget-wrap elementor-element-populated\">\n\t\t\t\t\t\t<div class=\"elementor-element elementor-element-331f10af elementor-widget elementor-widget-heading\" data-id=\"331f10af\" data-element_type=\"widget\" data-widget_type=\"heading.default\">\n\t\t\t\t\t<h2 class=\"elementor-heading-title elementor-size-default\">\u0130leti\u015fim<\/h2>\t\t\t\t<\/div>\n\t\t\t\t<div class=\"elementor-element elementor-element-4bc49802 elementor-absolute elementor-widget elementor-widget-heading\" data-id=\"4bc49802\" data-element_type=\"widget\" data-settings=\"{&quot;_position&quot;:&quot;absolute&quot;}\" data-widget_type=\"heading.default\">\n\t\t\t\t\t<span class=\"elementor-heading-title elementor-size-default\">\u0130leti\u015fim<\/span>\t\t\t\t<\/div>\n\t\t\t\t<div class=\"elementor-element elementor-element-1cffadad elementor-widget elementor-widget-text-editor\" data-id=\"1cffadad\" data-element_type=\"widget\" data-widget_type=\"text-editor.default\">\n\t\t\t\t\t\t\t\t\t<h3 data-start=\"203\" data-end=\"232\">Bizimle \u0130leti\u015fime Ge\u00e7in<\/h3><p data-start=\"233\" data-end=\"440\">Metal \u00fcr\u00fcn ihtiya\u00e7lar\u0131n\u0131z, \u00f6zel \u00f6l\u00e7\u00fc \u00fcretimleriniz ve fiyat teklif talepleriniz i\u00e7in bizimle ileti\u015fime ge\u00e7ebilirsiniz.<br data-start=\"351\" data-end=\"354\" \/>Uzman ekibimiz en k\u0131sa s\u00fcrede size d\u00f6n\u00fc\u015f yaparak projelerinize uygun \u00e7\u00f6z\u00fcmler sunar.<\/p><p data-start=\"233\" data-end=\"440\"><a href=\"tel:+905404628548\">05404628548<\/a><\/p><p data-start=\"233\" data-end=\"440\">\u00a0<\/p>\t\t\t\t\t\t\t\t<\/div>\n\t\t\t\t<div class=\"elementor-element elementor-element-6daf0414 elementor-widget-divider--view-line elementor-widget elementor-widget-divider\" data-id=\"6daf0414\" data-element_type=\"widget\" data-widget_type=\"divider.default\">\n\t\t\t\t\t\t\t<div class=\"elementor-divider\">\n\t\t\t<span class=\"elementor-divider-separator\">\n\t\t\t\t\t\t<\/span>\n\t\t<\/div>\n\t\t\t\t\t\t<\/div>\n\t\t\t\t\t<\/div>\n\t\t<\/div>\n\t\t\t\t\t<\/div>\n\t\t<\/section>\n\t\t\t\t<div class=\"elementor-element elementor-element-7d0cb291 elementor-widget elementor-widget-google_maps\" data-id=\"7d0cb291\" data-element_type=\"widget\" data-widget_type=\"google_maps.default\">\n\t\t\t\t\t\t\t<div class=\"elementor-custom-embed\">\n\t\t\t<iframe loading=\"lazy\"\n\t\t\t\t\tsrc=\"https:\/\/maps.google.com\/maps?q=Jalan%20sunset%20Road%20Kuta&#038;t=m&#038;z=16&#038;output=embed&#038;iwloc=near\"\n\t\t\t\t\ttitle=\"Jalan sunset Road Kuta\"\n\t\t\t\t\taria-label=\"Jalan sunset Road Kuta\"\n\t\t\t><\/iframe>\n\t\t<\/div>\n\t\t\t\t\t\t<\/div>\n\t\t\t\t\t<\/div>\n\t\t<\/div>\n\t\t\t\t\t<\/div>\n\t\t<\/section>\n\t\t\t\t<\/div>\n\t\t","protected":false},"excerpt":{"rendered":"<p>\u0130leti\u015fim \u0130leti\u015fim \u0130leti\u015fim Bizimle \u0130leti\u015fime Ge\u00e7in Metal \u00fcr\u00fcn ihtiya\u00e7lar\u0131n\u0131z, \u00f6zel \u00f6l\u00e7\u00fc \u00fcretimleriniz ve fiyat teklif talepleriniz i\u00e7in bizimle ileti\u015fime ge\u00e7ebilirsiniz.Uzman ekibimiz en k\u0131sa s\u00fcrede size d\u00f6n\u00fc\u015f yaparak projelerinize uygun \u00e7\u00f6z\u00fcmler sunar. 05404628548 \u00a0<\/p>\n","protected":false},"author":1,"featured_media":0,"parent":0,"menu_order":0,"comment_status":"closed","ping_status":"closed","template":"elementor_header_footer","meta":{"_joinchat":[],"footnotes":""},"class_list":["post-135","page","type-page","status-publish","hentry"],"yoast_head":"<!-- This site is optimized with the Yoast SEO plugin v26.0 - https:\/\/yoast.com\/wordpress\/plugins\/seo\/ -->\n<title>\u0130leti\u015fim - Yenikent Metal<\/title>\n<meta name=\"robots\" content=\"index, follow, max-snippet:-1, max-image-preview:large, max-video-preview:-1\" \/>\n<link rel=\"canonical\" href=\"https:\/\/yenikentmetal.com\/index.php\/iletisim\/\" \/>\n<meta property=\"og:locale\" content=\"tr_TR\" \/>\n<meta property=\"og:type\" content=\"article\" \/>\n<meta property=\"og:title\" content=\"\u0130leti\u015fim - Yenikent Metal\" \/>\n<meta property=\"og:description\" content=\"\u0130leti\u015fim \u0130leti\u015fim \u0130leti\u015fim Bizimle \u0130leti\u015fime Ge\u00e7in Metal \u00fcr\u00fcn ihtiya\u00e7lar\u0131n\u0131z, \u00f6zel \u00f6l\u00e7\u00fc \u00fcretimleriniz ve fiyat teklif talepleriniz i\u00e7in bizimle ileti\u015fime ge\u00e7ebilirsiniz.Uzman ekibimiz en k\u0131sa s\u00fcrede size d\u00f6n\u00fc\u015f yaparak projelerinize uygun \u00e7\u00f6z\u00fcmler sunar. 05404628548 \u00a0\" \/>\n<meta property=\"og:url\" content=\"https:\/\/yenikentmetal.com\/index.php\/iletisim\/\" \/>\n<meta property=\"og:site_name\" content=\"Yenikent Metal\" \/>\n<meta property=\"article:modified_time\" content=\"2025-09-27T22:29:57+00:00\" \/>\n<meta name=\"twitter:card\" content=\"summary_large_image\" \/>\n<meta name=\"twitter:label1\" content=\"Tahmini okuma s\u00fcresi\" \/>\n\t<meta name=\"twitter:data1\" content=\"1 dakika\" \/>\n<script type=\"application\/ld+json\" class=\"yoast-schema-graph\">{\"@context\":\"https:\/\/schema.org\",\"@graph\":[{\"@type\":\"WebPage\",\"@id\":\"https:\/\/yenikentmetal.com\/index.php\/iletisim\/\",\"url\":\"https:\/\/yenikentmetal.com\/index.php\/iletisim\/\",\"name\":\"\u0130leti\u015fim - Yenikent Metal\",\"isPartOf\":{\"@id\":\"https:\/\/yenikentmetal.com\/#website\"},\"datePublished\":\"2025-09-27T20:30:57+00:00\",\"dateModified\":\"2025-09-27T22:29:57+00:00\",\"breadcrumb\":{\"@id\":\"https:\/\/yenikentmetal.com\/index.php\/iletisim\/#breadcrumb\"},\"inLanguage\":\"tr\",\"potentialAction\":[{\"@type\":\"ReadAction\",\"target\":[\"https:\/\/yenikentmetal.com\/index.php\/iletisim\/\"]}]},{\"@type\":\"BreadcrumbList\",\"@id\":\"https:\/\/yenikentmetal.com\/index.php\/iletisim\/#breadcrumb\",\"itemListElement\":[{\"@type\":\"ListItem\",\"position\":1,\"name\":\"Anasayfa\",\"item\":\"https:\/\/yenikentmetal.com\/\"},{\"@type\":\"ListItem\",\"position\":2,\"name\":\"\u0130leti\u015fim\"}]},{\"@type\":\"WebSite\",\"@id\":\"https:\/\/yenikentmetal.com\/#website\",\"url\":\"https:\/\/yenikentmetal.com\/\",\"name\":\"Yenikent Metal\",\"description\":\"Ankara\u2019da metal sekt\u00f6r\u00fcnde kaliteli, h\u0131zl\u0131 ve uygun fiyatl\u0131 \u00e7\u00f6z\u00fcmler.\",\"publisher\":{\"@id\":\"https:\/\/yenikentmetal.com\/#organization\"},\"potentialAction\":[{\"@type\":\"SearchAction\",\"target\":{\"@type\":\"EntryPoint\",\"urlTemplate\":\"https:\/\/yenikentmetal.com\/?s={search_term_string}\"},\"query-input\":{\"@type\":\"PropertyValueSpecification\",\"valueRequired\":true,\"valueName\":\"search_term_string\"}}],\"inLanguage\":\"tr\"},{\"@type\":\"Organization\",\"@id\":\"https:\/\/yenikentmetal.com\/#organization\",\"name\":\"Yenikent Metal\",\"url\":\"https:\/\/yenikentmetal.com\/\",\"logo\":{\"@type\":\"ImageObject\",\"inLanguage\":\"tr\",\"@id\":\"https:\/\/yenikentmetal.com\/#\/schema\/logo\/image\/\",\"url\":\"https:\/\/yenikentmetal.com\/wp-content\/uploads\/2025\/09\/cropped-cropped-Adsiz-tasarim-e1759005498986.png\",\"contentUrl\":\"https:\/\/yenikentmetal.com\/wp-content\/uploads\/2025\/09\/cropped-cropped-Adsiz-tasarim-e1759005498986.png\",\"width\":512,\"height\":512,\"caption\":\"Yenikent Metal\"},\"image\":{\"@id\":\"https:\/\/yenikentmetal.com\/#\/schema\/logo\/image\/\"}}]}<\/script>\n<!-- \/ Yoast SEO plugin. -->","yoast_head_json":{"title":"\u0130leti\u015fim - Yenikent Metal","robots":{"index":"index","follow":"follow","max-snippet":"max-snippet:-1","max-image-preview":"max-image-preview:large","max-video-preview":"max-video-preview:-1"},"canonical":"https:\/\/yenikentmetal.com\/index.php\/iletisim\/","og_locale":"tr_TR","og_type":"article","og_title":"\u0130leti\u015fim - Yenikent Metal","og_description":"\u0130leti\u015fim \u0130leti\u015fim \u0130leti\u015fim Bizimle \u0130leti\u015fime Ge\u00e7in Metal \u00fcr\u00fcn ihtiya\u00e7lar\u0131n\u0131z, \u00f6zel \u00f6l\u00e7\u00fc \u00fcretimleriniz ve fiyat teklif talepleriniz i\u00e7in bizimle ileti\u015fime ge\u00e7ebilirsiniz.Uzman ekibimiz en k\u0131sa s\u00fcrede size d\u00f6n\u00fc\u015f yaparak projelerinize uygun \u00e7\u00f6z\u00fcmler sunar. 05404628548 \u00a0","og_url":"https:\/\/yenikentmetal.com\/index.php\/iletisim\/","og_site_name":"Yenikent Metal","article_modified_time":"2025-09-27T22:29:57+00:00","twitter_card":"summary_large_image","twitter_misc":{"Tahmini okuma s\u00fcresi":"1 dakika"},"schema":{"@context":"https:\/\/schema.org","@graph":[{"@type":"WebPage","@id":"https:\/\/yenikentmetal.com\/index.php\/iletisim\/","url":"https:\/\/yenikentmetal.com\/index.php\/iletisim\/","name":"\u0130leti\u015fim - Yenikent Metal","isPartOf":{"@id":"https:\/\/yenikentmetal.com\/#website"},"datePublished":"2025-09-27T20:30:57+00:00","dateModified":"2025-09-27T22:29:57+00:00","breadcrumb":{"@id":"https:\/\/yenikentmetal.com\/index.php\/iletisim\/#breadcrumb"},"inLanguage":"tr","potentialAction":[{"@type":"ReadAction","target":["https:\/\/yenikentmetal.com\/index.php\/iletisim\/"]}]},{"@type":"BreadcrumbList","@id":"https:\/\/yenikentmetal.com\/index.php\/iletisim\/#breadcrumb","itemListElement":[{"@type":"ListItem","position":1,"name":"Anasayfa","item":"https:\/\/yenikentmetal.com\/"},{"@type":"ListItem","position":2,"name":"\u0130leti\u015fim"}]},{"@type":"WebSite","@id":"https:\/\/yenikentmetal.com\/#website","url":"https:\/\/yenikentmetal.com\/","name":"Yenikent Metal","description":"Ankara\u2019da metal sekt\u00f6r\u00fcnde kaliteli, h\u0131zl\u0131 ve uygun fiyatl\u0131 \u00e7\u00f6z\u00fcmler.","publisher":{"@id":"https:\/\/yenikentmetal.com\/#organization"},"potentialAction":[{"@type":"SearchAction","target":{"@type":"EntryPoint","urlTemplate":"https:\/\/yenikentmetal.com\/?s={search_term_string}"},"query-input":{"@type":"PropertyValueSpecification","valueRequired":true,"valueName":"search_term_string"}}],"inLanguage":"tr"},{"@type":"Organization","@id":"https:\/\/yenikentmetal.com\/#organization","name":"Yenikent Metal","url":"https:\/\/yenikentmetal.com\/","logo":{"@type":"ImageObject","inLanguage":"tr","@id":"https:\/\/yenikentmetal.com\/#\/schema\/logo\/image\/","url":"https:\/\/yenikentmetal.com\/wp-content\/uploads\/2025\/09\/cropped-cropped-Adsiz-tasarim-e1759005498986.png","contentUrl":"https:\/\/yenikentmetal.com\/wp-content\/uploads\/2025\/09\/cropped-cropped-Adsiz-tasarim-e1759005498986.png","width":512,"height":512,"caption":"Yenikent Metal"},"image":{"@id":"https:\/\/yenikentmetal.com\/#\/schema\/logo\/image\/"}}]}},"_links":{"self":[{"href":"https:\/\/yenikentmetal.com\/index.php\/wp-json\/wp\/v2\/pages\/135","targetHints":{"allow":["GET"]}}],"collection":[{"href":"https:\/\/yenikentmetal.com\/index.php\/wp-json\/wp\/v2\/pages"}],"about":[{"href":"https:\/\/yenikentmetal.com\/index.php\/wp-json\/wp\/v2\/types\/page"}],"author":[{"embeddable":true,"href":"https:\/\/yenikentmetal.com\/index.php\/wp-json\/wp\/v2\/users\/1"}],"replies":[{"embeddable":true,"href":"https:\/\/yenikentmetal.com\/index.php\/wp-json\/wp\/v2\/comments?post=135"}],"version-history":[{"count":7,"href":"https:\/\/yenikentmetal.com\/index.php\/wp-json\/wp\/v2\/pages\/135\/revisions"}],"predecessor-version":[{"id":187,"href":"https:\/\/yenikentmetal.com\/index.php\/wp-json\/wp\/v2\/pages\/135\/revisions\/187"}],"wp:attachment":[{"href":"https:\/\/yenikentmetal.com\/index.php\/wp-json\/wp\/v2\/media?parent=135"}],"curies":[{"name":"wp","href":"https:\/\/api.w.org\/{rel}","templated":true}]}}